{"id":29,"date":"2019-10-01T11:55:14","date_gmt":"2019-10-01T09:55:14","guid":{"rendered":"http:\/\/www.miw.group\/zgloszenie\/?page_id=29"},"modified":"2019-10-01T11:55:14","modified_gmt":"2019-10-01T09:55:14","slug":"formularz-serwisowy-probnika-ziarna-sondy","status":"publish","type":"page","link":"https:\/\/www.miw.group\/zgloszenie\/formularz-serwisowy-probnika-ziarna-sondy\/","title":{"rendered":"Formularz serwisowy Pr\u00f3bnika ziarna\/Sondy"},"content":{"rendered":"<script>\nvar gform;gform||(document.addEventListener(\"gform_main_scripts_loaded\",function(){gform.scriptsLoaded=!0}),document.addEventListener(\"gform\/theme\/scripts_loaded\",function(){gform.themeScriptsLoaded=!0}),window.addEventListener(\"DOMContentLoaded\",function(){gform.domLoaded=!0}),gform={domLoaded:!1,scriptsLoaded:!1,themeScriptsLoaded:!1,isFormEditor:()=>\"function\"==typeof InitializeEditor,callIfLoaded:function(o){return!(!gform.domLoaded||!gform.scriptsLoaded||!gform.themeScriptsLoaded&&!gform.isFormEditor()||(gform.isFormEditor()&&console.warn(\"The use of gform.initializeOnLoaded() is deprecated in the form editor context and will be removed in Gravity Forms 3.1.\"),o(),0))},initializeOnLoaded:function(o){gform.callIfLoaded(o)||(document.addEventListener(\"gform_main_scripts_loaded\",()=>{gform.scriptsLoaded=!0,gform.callIfLoaded(o)}),document.addEventListener(\"gform\/theme\/scripts_loaded\",()=>{gform.themeScriptsLoaded=!0,gform.callIfLoaded(o)}),window.addEventListener(\"DOMContentLoaded\",()=>{gform.domLoaded=!0,gform.callIfLoaded(o)}))},hooks:{action:{},filter:{}},addAction:function(o,r,e,t){gform.addHook(\"action\",o,r,e,t)},addFilter:function(o,r,e,t){gform.addHook(\"filter\",o,r,e,t)},doAction:function(o){gform.doHook(\"action\",o,arguments)},applyFilters:function(o){return gform.doHook(\"filter\",o,arguments)},removeAction:function(o,r){gform.removeHook(\"action\",o,r)},removeFilter:function(o,r,e){gform.removeHook(\"filter\",o,r,e)},addHook:function(o,r,e,t,n){null==gform.hooks[o][r]&&(gform.hooks[o][r]=[]);var d=gform.hooks[o][r];null==n&&(n=r+\"_\"+d.length),gform.hooks[o][r].push({tag:n,callable:e,priority:t=null==t?10:t})},doHook:function(r,o,e){var t;if(e=Array.prototype.slice.call(e,1),null!=gform.hooks[r][o]&&((o=gform.hooks[r][o]).sort(function(o,r){return o.priority-r.priority}),o.forEach(function(o){\"function\"!=typeof(t=o.callable)&&(t=window[t]),\"action\"==r?t.apply(null,e):e[0]=t.apply(null,e)})),\"filter\"==r)return e[0]},removeHook:function(o,r,t,n){var e;null!=gform.hooks[o][r]&&(e=(e=gform.hooks[o][r]).filter(function(o,r,e){return!!(null!=n&&n!=o.tag||null!=t&&t!=o.priority)}),gform.hooks[o][r]=e)}});\n<\/script>\n\n                <div class='gf_browser_gecko gform_wrapper gform_legacy_markup_wrapper gform-theme--no-framework' data-form-theme='legacy' data-form-index='0' id='gform_wrapper_6' style='display:none'>\n                        <div class='gform_heading'>\n                            <p class='gform_description'><\/p>\n                        <\/div><form method='post' enctype='multipart\/form-data'  id='gform_6'  action='\/zgloszenie\/wp-json\/wp\/v2\/pages\/29' data-formid='6' novalidate>\n                        <div class='gform-body gform_body'><ul id='gform_fields_6' class='gform_fields top_label form_sublabel_below description_below validation_below'><li id=\"field_6_46\" class=\"gfield gfield--type-radio gfield--type-choice gf_right_half gfield_contains_required field_sublabel_below gfield--no-description field_description_below field_validation_below gfield_visibility_visible\"  ><label class='gfield_label gform-field-label screen-reader-text' ><span class=\"gfield_required\"><span class=\"gfield_required gfield_required_asterisk\">*<\/span><\/span><\/label><div class='ginput_container ginput_container_radio'><ul class='gfield_radio' id='input_6_46'>\n\t\t\t<li class='gchoice gchoice_6_46_0'>\n\t\t\t\t<input name='input_46' type='radio' value='Naprawa gwarancyjna'  id='choice_6_46_0'    \/>\n\t\t\t\t<label for='choice_6_46_0' id='label_6_46_0' class='gform-field-label gform-field-label--type-inline'>Naprawa gwarancyjna<\/label>\n\t\t\t<\/li>\n\t\t\t<li class='gchoice gchoice_6_46_1'>\n\t\t\t\t<input name='input_46' type='radio' value='Naprawa pogwarancyjna'  id='choice_6_46_1'    \/>\n\t\t\t\t<label for='choice_6_46_1' id='label_6_46_1' class='gform-field-label gform-field-label--type-inline'>Naprawa pogwarancyjna<\/label>\n\t\t\t<\/li><\/ul><\/div><\/li><li id=\"field_6_7\" class=\"gfield gfield--type-text gfield_contains_required field_sublabel_below gfield--has-description field_description_below field_validation_below gfield_visibility_visible\"  ><label class='gfield_label gform-field-label' for='input_6_7'>Prosz\u0119 wprowadzi\u0107 SN urz\u0105dzenia:<span class=\"gfield_required\"><span class=\"gfield_required gfield_required_asterisk\">*<\/span><\/span><\/label><div class='ginput_container ginput_container_text'><input name='input_7' id='input_6_7' type='text' value='' class='medium'  aria-describedby=\"gfield_description_6_7\"   aria-required=\"true\" aria-invalid=\"false\"   \/><\/div><div class='gfield_description' id='gfield_description_6_7'> <\/div><\/li><li id=\"field_6_30\" class=\"gfield gfield--type-html gfield_html gfield_html_formatted field_sublabel_below gfield--no-description field_description_below field_validation_below gfield_visibility_visible\"  ><b>Numer telefonu i adres e-mail osoby zg\u0142aszaj\u0105cej:<\/b><\/li><li id=\"field_6_28\" class=\"gfield gfield--type-phone gf_left_half gfield_contains_required field_sublabel_below gfield--no-description field_description_below field_validation_below gfield_visibility_visible\"  ><label class='gfield_label gform-field-label' for='input_6_28'>Telefon<span class=\"gfield_required\"><span class=\"gfield_required gfield_required_asterisk\">*<\/span><\/span><\/label><div class='ginput_container ginput_container_phone'><input name='input_28' id='input_6_28' type='tel' value='' class='medium'   aria-required=\"true\" aria-invalid=\"false\"   \/><\/div><\/li><li id=\"field_6_29\" class=\"gfield gfield--type-email gf_right_half gfield_contains_required field_sublabel_below gfield--no-description field_description_below field_validation_below gfield_visibility_visible\"  ><label class='gfield_label gform-field-label' for='input_6_29'>Email<span class=\"gfield_required\"><span class=\"gfield_required gfield_required_asterisk\">*<\/span><\/span><\/label><div class='ginput_container ginput_container_email'>\n                            <input name='input_29' id='input_6_29' type='email' value='' class='medium'    aria-required=\"true\" aria-invalid=\"false\"  \/>\n                        <\/div><\/li><li id=\"field_6_33\" class=\"gfield gfield--type-html gfield_html gfield_html_formatted gfield_no_follows_desc field_sublabel_below gfield--no-description field_description_below field_validation_below gfield_visibility_visible\"  ><b>Numer kontaktowy dla serwisant\u00f3w \u2013 osoba na obiekcie (je\u015bli inny ni\u017c powy\u017cszy)<\/b><\/li><li id=\"field_6_31\" class=\"gfield gfield--type-phone gf_left_half field_sublabel_below gfield--no-description field_description_below field_validation_below gfield_visibility_visible\"  ><label class='gfield_label gform-field-label' for='input_6_31'>Telefon<\/label><div class='ginput_container ginput_container_phone'><input name='input_31' id='input_6_31' type='tel' value='' class='medium'    aria-invalid=\"false\"   \/><\/div><\/li><li id=\"field_6_32\" class=\"gfield gfield--type-email gf_right_half field_sublabel_below gfield--no-description field_description_below field_validation_below gfield_visibility_visible\"  ><label class='gfield_label gform-field-label' for='input_6_32'>Email<\/label><div class='ginput_container ginput_container_email'>\n                            <input name='input_32' id='input_6_32' type='email' value='' class='medium'     aria-invalid=\"false\"  \/>\n                        <\/div><\/li><li id=\"field_6_45\" class=\"gfield gfield--type-text field_sublabel_below gfield--no-description field_description_below field_validation_below gfield_visibility_visible\"  ><label class='gfield_label gform-field-label' for='input_6_45'>Godziny pracy firmy:<\/label><div class='ginput_container ginput_container_text'><input name='input_45' id='input_6_45' type='text' value='' class='medium'      aria-invalid=\"false\"   \/><\/div><\/li><li id=\"field_6_39\" class=\"gfield gfield--type-text gfield_contains_required field_sublabel_below gfield--no-description field_description_below field_validation_below gfield_visibility_visible\"  ><label class='gfield_label gform-field-label' for='input_6_39'>NIP<span class=\"gfield_required\"><span class=\"gfield_required gfield_required_asterisk\">*<\/span><\/span><\/label><div class='ginput_container ginput_container_text'><input name='input_39' id='input_6_39' type='text' value='' class='medium'     aria-required=\"true\" aria-invalid=\"false\"   \/><\/div><\/li><li id=\"field_6_8\" class=\"gfield gfield--type-text field_sublabel_below gfield--no-description field_description_below field_validation_below gfield_visibility_visible\"  ><label class='gfield_label gform-field-label' for='input_6_8'>Adres instalacji urz\u0105dzenia:<\/label><div class='ginput_container ginput_container_text'><input name='input_8' id='input_6_8' type='text' value='' class='medium'      aria-invalid=\"false\"   \/><\/div><\/li><li id=\"field_6_11\" class=\"gfield gfield--type-textarea gfield_contains_required field_sublabel_below gfield--no-description field_description_below field_validation_below gfield_visibility_visible\"  ><label class='gfield_label gform-field-label' for='input_6_11'>Opis zg\u0142aszanej usterki:<span class=\"gfield_required\"><span class=\"gfield_required gfield_required_asterisk\">*<\/span><\/span><\/label><div class='ginput_container ginput_container_textarea'><textarea name='input_11' id='input_6_11' class='textarea medium'     aria-required=\"true\" aria-invalid=\"false\"   rows='10' cols='50'><\/textarea><\/div><\/li><li id=\"field_6_49\" class=\"gfield gfield--type-fileupload field_sublabel_below gfield--has-description field_description_below field_validation_below gfield_visibility_visible\"  ><label class='gfield_label gform-field-label' for='gform_browse_button_6_49'>Za\u0142\u0105czniki<\/label><div class='ginput_container ginput_container_fileupload'><div id='gform_multifile_upload_6_49' data-settings='{&quot;runtimes&quot;:&quot;html5,flash,html4&quot;,&quot;browse_button&quot;:&quot;gform_browse_button_6_49&quot;,&quot;container&quot;:&quot;gform_multifile_upload_6_49&quot;,&quot;drop_element&quot;:&quot;gform_drag_drop_area_6_49&quot;,&quot;filelist&quot;:&quot;gform_preview_6_49&quot;,&quot;unique_names&quot;:true,&quot;file_data_name&quot;:&quot;file&quot;,&quot;url&quot;:&quot;https:\\\/\\\/www.miw.group\\\/zgloszenie\\\/?gf_page=391e44e580f868d&quot;,&quot;flash_swf_url&quot;:&quot;https:\\\/\\\/www.miw.group\\\/zgloszenie\\\/wp-includes\\\/js\\\/plupload\\\/plupload.flash.swf&quot;,&quot;silverlight_xap_url&quot;:&quot;https:\\\/\\\/www.miw.group\\\/zgloszenie\\\/wp-includes\\\/js\\\/plupload\\\/plupload.silverlight.xap&quot;,&quot;filters&quot;:{&quot;mime_types&quot;:[{&quot;title&quot;:&quot;Akceptowane pliki&quot;,&quot;extensions&quot;:&quot;*&quot;}],&quot;max_file_size&quot;:&quot;2097152b&quot;},&quot;multipart&quot;:true,&quot;urlstream_upload&quot;:false,&quot;multipart_params&quot;:{&quot;form_id&quot;:6,&quot;field_id&quot;:49,&quot;_gform_file_upload_nonce_6_49&quot;:&quot;9275c5fddd&quot;},&quot;gf_vars&quot;:{&quot;max_files&quot;:&quot;5&quot;,&quot;message_id&quot;:&quot;gform_multifile_messages_6_49&quot;,&quot;disallowed_extensions&quot;:[&quot;php&quot;,&quot;asp&quot;,&quot;aspx&quot;,&quot;cmd&quot;,&quot;csh&quot;,&quot;bat&quot;,&quot;html&quot;,&quot;htm&quot;,&quot;hta&quot;,&quot;jar&quot;,&quot;exe&quot;,&quot;com&quot;,&quot;js&quot;,&quot;lnk&quot;,&quot;htaccess&quot;,&quot;phar&quot;,&quot;phtml&quot;,&quot;ps1&quot;,&quot;ps2&quot;,&quot;php3&quot;,&quot;php4&quot;,&quot;php5&quot;,&quot;php6&quot;,&quot;py&quot;,&quot;rb&quot;,&quot;tmp&quot;]}}' class='gform_fileupload_multifile'>\n\t\t\t\t\t\t\t\t\t\t<div id='gform_drag_drop_area_6_49' class='gform_drop_area gform-theme-field-control'>\n\t\t\t\t\t\t\t\t\t\t\t<span class='gform_drop_instructions'>Upu\u015b\u0107 pliki tutaj lub <\/span>\n\t\t\t\t\t\t\t\t\t\t\t<button type='button' id='gform_browse_button_6_49' class='button gform_button_select_files gform-theme-button gform-theme-button--control' aria-describedby=\"gfield_upload_rules_6_49 gfield_description_6_49\"  >Wybierz pliki<\/button>\n\t\t\t\t\t\t\t\t\t\t<\/div>\n\t\t\t\t\t\t\t\t\t<\/div><span class='gfield_description gform_fileupload_rules' id='gfield_upload_rules_6_49'>Maks. rozmiar pliku: 2 MB, Maks. pliki: 5.<\/span><ul class='validation_message--hidden-on-empty gform-ul-reset' id='gform_multifile_messages_6_49'><\/ul> <div id='gform_preview_6_49' class='ginput_preview_list'><\/div><\/div><div class='gfield_description' id='gfield_description_6_49'>Prosimy za\u0142\u0105czy\u0107 zdj\u0119cia lub inne pliki dotycz\u0105ce zg\u0142aszanej usterki. Dopuszczalne formaty: jpg, gif, png, pdf. Maksymalny rozmiar jednego pliku: 2MB.\n<\/div><\/li><li id=\"field_6_26\" class=\"gfield gfield--type-html gfield_html gfield_html_formatted field_sublabel_below gfield--no-description field_description_below field_validation_below gfield_visibility_visible\"  ><\/li><li id=\"field_6_27\" class=\"gfield gfield--type-html gfield_html gfield_html_formatted gfield_no_follows_desc field_sublabel_below gfield--no-description field_description_below field_validation_below gfield_visibility_visible\"  >W przypadku nieupowa\u017cnionego wezwania serwisu na napraw\u0119 gwarancyjn\u0105 zastrzegamy sobie prawo do obci\u0105\u017cenia Zg\u0142aszaj\u0105cego nast\u0119pujacymi kosztami: \n<li>&nbsp;1) Us\u0142uga serwisowa: 2400z\u0142 netto (op\u0142ata rycza\u0142towa), <\/li>\n <li>&nbsp;2) Dojazd pracownik\u00f3w: 2,00z\u0142\/km netto liczone w obie strony od miejscowo\u015bci 49-318 Skarbimierz Osiedle;<\/li>\n<li>&nbsp;3) Koszty naprawy i ewentualnych cz\u0119\u015bci zamienne wg. cennika znajduj\u0105cego si\u0119 na stronie https:\/\/www.miw.group\/zgloszenie\/\n\nW\/w stawki nie dotycz\u0105 Klient\u00f3w obj\u0119tych indywidualn\u0105 umow\u0105 serwisow\u0105.<\/li><li id=\"field_6_21\" class=\"gfield gfield--type-checkbox gfield--type-choice gfield_contains_required field_sublabel_below gfield--no-description field_description_below field_validation_below gfield_visibility_visible\"  ><label class='gfield_label gform-field-label screen-reader-text gfield_label_before_complex' ><span class=\"gfield_required\"><span class=\"gfield_required gfield_required_asterisk\">*<\/span><\/span><\/label><div class='ginput_container ginput_container_checkbox'><ul class='gfield_checkbox' id='input_6_21'><li class='gchoice gchoice_6_21_1'>\n\t\t\t\t\t\t\t\t<input class='gfield-choice-input' name='input_21.1' type='checkbox'  value='Akceptuj\u0119 warunki us\u0142ugi serwisowej.'  id='choice_6_21_1'   \/>\n\t\t\t\t\t\t\t\t<label for='choice_6_21_1' id='label_6_21_1' class='gform-field-label gform-field-label--type-inline'>Akceptuj\u0119 warunki us\u0142ugi serwisowej.<\/label>\n\t\t\t\t\t\t\t<\/li><\/ul><\/div><\/li><li id=\"field_6_40\" class=\"gfield gfield--type-radio gfield--type-choice gf_left_half gfield_contains_required field_sublabel_below gfield--no-description field_description_below field_validation_below gfield_visibility_visible\"  ><label class='gfield_label gform-field-label' >Zgoda na otrzymywanie FV drog\u0105 elektroniczn\u0105<span class=\"gfield_required\"><span class=\"gfield_required gfield_required_asterisk\">*<\/span><\/span><\/label><div class='ginput_container ginput_container_radio'><ul class='gfield_radio' id='input_6_40'>\n\t\t\t<li class='gchoice gchoice_6_40_0'>\n\t\t\t\t<input name='input_40' type='radio' value='Wyra\u017cam zgod\u0119'  id='choice_6_40_0'    \/>\n\t\t\t\t<label for='choice_6_40_0' id='label_6_40_0' class='gform-field-label gform-field-label--type-inline'>Wyra\u017cam zgod\u0119<\/label>\n\t\t\t<\/li>\n\t\t\t<li class='gchoice gchoice_6_40_1'>\n\t\t\t\t<input name='input_40' type='radio' value='Nie wyra\u017cam zgody (op\u0142ata za wys\u0142anie faktury papierowej wynosi 10z\u0142 netto)'  id='choice_6_40_1'    \/>\n\t\t\t\t<label for='choice_6_40_1' id='label_6_40_1' class='gform-field-label gform-field-label--type-inline'>Nie wyra\u017cam zgody (op\u0142ata za wys\u0142anie faktury papierowej wynosi 10z\u0142 netto)<\/label>\n\t\t\t<\/li><\/ul><\/div><\/li><li id=\"field_6_44\" class=\"gfield gfield--type-email gf_right_half gfield_contains_required field_sublabel_below gfield--no-description field_description_below field_validation_below gfield_visibility_visible\"  ><label class='gfield_label gform-field-label' for='input_6_44'>Email do przesy\u0142ania FV<span class=\"gfield_required\"><span class=\"gfield_required gfield_required_asterisk\">*<\/span><\/span><\/label><div class='ginput_container ginput_container_email'>\n                            <input name='input_44' id='input_6_44' type='email' value='' class='medium'    aria-required=\"true\" aria-invalid=\"false\"  \/>\n                        <\/div><\/li><li id=\"field_6_42\" class=\"gfield gfield--type-html gfield_html gfield_html_formatted gfield_no_follows_desc field_sublabel_below gfield--no-description field_description_below field_validation_below gfield_visibility_visible\"  ><a href=\"http:\/\/miary-wagi.com.pl\/Regulamin%20faktury%20elektroniczne.pdf\"  target=\"_blank\">Regulamin zgody na otrzymywanie FV drog\u0105 elektroniczn\u0105<\/a><\/li><li id=\"field_6_48\" class=\"gfield gfield--type-html gfield_html gfield_html_formatted gfield_no_follows_desc field_sublabel_below gfield--no-description field_description_below field_validation_below gfield_visibility_visible\"  ><a href=\"http:\/\/www.miw.group\/zgloszenie\/wp-content\/uploads\/2025\/11\/CENNIK-SERWIS_v11_2025-11-24.pdf\" target=\"_blank\">Cennik us\u0142ugi serwisowej <\/a><\/li><li id=\"field_6_47\" class=\"gfield gfield--type-captcha field_sublabel_below gfield--no-description field_description_below field_validation_below gfield_visibility_visible\"  ><label class='gfield_label gform-field-label screen-reader-text' for='input_6_47'><\/label><div id='input_6_47' class='ginput_container ginput_recaptcha' data-sitekey='6LflSLsUAAAAAO_HiOM1QWM_WuLwpN8HiHIEIdMq'  data-theme='light' data-tabindex='0'  data-badge=''><\/div><\/li><\/ul><\/div>\n        <div class='gform-footer gform_footer top_label'> <input type='submit' id='gform_submit_button_6' class='gform_button button' onclick='gform.submission.handleButtonClick(this);' data-submission-type='submit' value='Wy\u015blij zg\u0142oszenie'  \/> \n            <input type='hidden' class='gform_hidden' name='gform_submission_method' data-js='gform_submission_method_6' value='postback' \/>\n            <input type='hidden' class='gform_hidden' name='gform_theme' data-js='gform_theme_6' id='gform_theme_6' value='legacy' \/>\n            <input type='hidden' class='gform_hidden' name='gform_style_settings' data-js='gform_style_settings_6' id='gform_style_settings_6' value='[]' \/>\n            <input type='hidden' class='gform_hidden' name='is_submit_6' value='1' \/>\n            <input type='hidden' class='gform_hidden' name='gform_submit' value='6' \/>\n            \n            <input type='hidden' class='gform_hidden' name='gform_currency' data-currency='PLN' value='vfVyqf2fJ\/YTNVCMoh9QBSFr31kjo7KV0V4PsvBwbWhMYrhdjamHHZAQKMq8J7mIcC9re7fdqCNbY+KtXOtYpbXMy9R\/bJ7sKTn3ZFN8PyQdmno=' \/>\n            <input type='hidden' class='gform_hidden' name='gform_unique_id' value='' \/>\n            <input type='hidden' class='gform_hidden' name='state_6' value='WyJbXSIsIjc3Y2E5ZDdmNzhjYzllODg2ZGM1ODgwNDNjMGQzZjcwIl0=' \/>\n            <input type='hidden' autocomplete='off' class='gform_hidden' name='gform_target_page_number_6' id='gform_target_page_number_6' value='0' \/>\n            <input type='hidden' autocomplete='off' class='gform_hidden' name='gform_source_page_number_6' id='gform_source_page_number_6' value='1' \/>\n            <input type='hidden' name='gform_field_values' value='' \/>\n            <input type='hidden' name='gform_uploaded_files' id='gform_uploaded_files_6' value='' \/>\n        <\/div>\n                        <\/form>\n                        <\/div><script>\ngform.initializeOnLoaded( function() {gformInitSpinner( 6, 'https:\/\/www.miw.group\/zgloszenie\/wp-content\/plugins\/gravityforms\/images\/spinner.svg', true );jQuery('#gform_ajax_frame_6').on('load',function(){var contents = jQuery(this).contents().find('*').html();var is_postback = contents.indexOf('GF_AJAX_POSTBACK') >= 0;if(!is_postback){return;}var form_content = jQuery(this).contents().find('#gform_wrapper_6');var is_confirmation = jQuery(this).contents().find('#gform_confirmation_wrapper_6').length > 0;var is_redirect = contents.indexOf('gformRedirect(){') >= 0;var is_form = form_content.length > 0 && ! is_redirect && ! is_confirmation;var mt = parseInt(jQuery('html').css('margin-top'), 10) + parseInt(jQuery('body').css('margin-top'), 10) + 100;if(is_form){form_content.find('form').css('opacity', 0);jQuery('#gform_wrapper_6').html(form_content.html());if(form_content.hasClass('gform_validation_error')){jQuery('#gform_wrapper_6').addClass('gform_validation_error');} else {jQuery('#gform_wrapper_6').removeClass('gform_validation_error');}setTimeout( function() { \/* delay the scroll by 50 milliseconds to fix a bug in chrome *\/  }, 50 );if(window['gformInitDatepicker']) {gformInitDatepicker();}if(window['gformInitPriceFields']) {gformInitPriceFields();}var current_page = jQuery('#gform_source_page_number_6').val();gformInitSpinner( 6, 'https:\/\/www.miw.group\/zgloszenie\/wp-content\/plugins\/gravityforms\/images\/spinner.svg', true );jQuery(document).trigger('gform_page_loaded', [6, current_page]);window['gf_submitting_6'] = false;}else if(!is_redirect){var confirmation_content = jQuery(this).contents().find('.GF_AJAX_POSTBACK').html();if(!confirmation_content){confirmation_content = contents;}jQuery('#gform_wrapper_6').replaceWith(confirmation_content);jQuery(document).trigger('gform_confirmation_loaded', [6]);window['gf_submitting_6'] = false;wp.a11y.speak(jQuery('#gform_confirmation_message_6').text());}else{jQuery('#gform_6').append(contents);if(window['gformRedirect']) {gformRedirect();}}jQuery(document).trigger(\"gform_pre_post_render\", [{ formId: \"6\", currentPage: \"current_page\", abort: function() { this.preventDefault(); } }]);        if (event && event.defaultPrevented) {                return;        }        const gformWrapperDiv = document.getElementById( \"gform_wrapper_6\" );        if ( gformWrapperDiv ) {            const visibilitySpan = document.createElement( \"span\" );            visibilitySpan.id = \"gform_visibility_test_6\";            gformWrapperDiv.insertAdjacentElement( \"afterend\", visibilitySpan );        }        const visibilityTestDiv = document.getElementById( \"gform_visibility_test_6\" );        let postRenderFired = false;        function triggerPostRender() {            if ( postRenderFired ) {                return;            }            postRenderFired = true;            gform.core.triggerPostRenderEvents( 6, current_page );            if ( visibilityTestDiv ) {                visibilityTestDiv.parentNode.removeChild( visibilityTestDiv );            }        }        function debounce( func, wait, immediate ) {            var timeout;            return function() {                var context = this, args = arguments;                var later = function() {                    timeout = null;                    if ( !immediate ) func.apply( context, args );                };                var callNow = immediate && !timeout;                clearTimeout( timeout );                timeout = setTimeout( later, wait );                if ( callNow ) func.apply( context, args );            };        }        const debouncedTriggerPostRender = debounce( function() {            triggerPostRender();        }, 200 );        if ( visibilityTestDiv && visibilityTestDiv.offsetParent === null ) {            const observer = new MutationObserver( ( mutations ) => {                mutations.forEach( ( mutation ) => {                    if ( mutation.type === 'attributes' && visibilityTestDiv.offsetParent !== null ) {                        debouncedTriggerPostRender();                        observer.disconnect();                    }                });            });            observer.observe( document.body, {                attributes: true,                childList: false,                subtree: true,                attributeFilter: [ 'style', 'class' ],            });        } else {            triggerPostRender();        }    } );} );\n<\/script>\n\n","protected":false},"excerpt":{"rendered":"","protected":false},"author":3,"featured_media":0,"parent":0,"menu_order":0,"comment_status":"closed","ping_status":"closed","template":"","meta":{"footnotes":""},"class_list":["post-29","page","type-page","status-publish","hentry","entry"],"_links":{"self":[{"href":"https:\/\/www.miw.group\/zgloszenie\/wp-json\/wp\/v2\/pages\/29","targetHints":{"allow":["GET"]}}],"collection":[{"href":"https:\/\/www.miw.group\/zgloszenie\/wp-json\/wp\/v2\/pages"}],"about":[{"href":"https:\/\/www.miw.group\/zgloszenie\/wp-json\/wp\/v2\/types\/page"}],"author":[{"embeddable":true,"href":"https:\/\/www.miw.group\/zgloszenie\/wp-json\/wp\/v2\/users\/3"}],"replies":[{"embeddable":true,"href":"https:\/\/www.miw.group\/zgloszenie\/wp-json\/wp\/v2\/comments?post=29"}],"version-history":[{"count":1,"href":"https:\/\/www.miw.group\/zgloszenie\/wp-json\/wp\/v2\/pages\/29\/revisions"}],"predecessor-version":[{"id":30,"href":"https:\/\/www.miw.group\/zgloszenie\/wp-json\/wp\/v2\/pages\/29\/revisions\/30"}],"wp:attachment":[{"href":"https:\/\/www.miw.group\/zgloszenie\/wp-json\/wp\/v2\/media?parent=29"}],"curies":[{"name":"wp","href":"https:\/\/api.w.org\/{rel}","templated":true}]}}