{"id":10,"date":"2019-10-01T11:45:39","date_gmt":"2019-10-01T09:45:39","guid":{"rendered":"http:\/\/www.miw.group\/zgloszenie\/?page_id=10"},"modified":"2025-11-24T14:19:31","modified_gmt":"2025-11-24T13:19:31","slug":"formularz-serwisowy","status":"publish","type":"page","link":"https:\/\/www.miw.group\/zgloszenie\/","title":{"rendered":"Formularze serwisowe"},"content":{"rendered":"\n<h5 class=\"wp-block-heading\"><img loading=\"lazy\" decoding=\"async\" width=\"300\" height=\"169\" class=\"alignnone size-medium wp-image-120\" src=\"http:\/\/www.miw.group\/zgloszenie\/wp-content\/uploads\/2021\/08\/MwLOGO_1_-01-300x169.png\" alt=\"\" srcset=\"https:\/\/www.miw.group\/zgloszenie\/wp-content\/uploads\/2021\/08\/MwLOGO_1_-01-300x169.png 300w, https:\/\/www.miw.group\/zgloszenie\/wp-content\/uploads\/2021\/08\/MwLOGO_1_-01-1024x576.png 1024w, https:\/\/www.miw.group\/zgloszenie\/wp-content\/uploads\/2021\/08\/MwLOGO_1_-01-768x432.png 768w, https:\/\/www.miw.group\/zgloszenie\/wp-content\/uploads\/2021\/08\/MwLOGO_1_-01-1536x864.png 1536w, https:\/\/www.miw.group\/zgloszenie\/wp-content\/uploads\/2021\/08\/MwLOGO_1_-01-2048x1152.png 2048w, https:\/\/www.miw.group\/zgloszenie\/wp-content\/uploads\/2021\/08\/MwLOGO_1_-01-1568x882.png 1568w\" sizes=\"auto, (max-width: 300px) 100vw, 300px\" \/><\/h5>\n\n\n\n<p class=\"has-dark-gray-color has-text-color has-normal-font-size\">Je\u015bli potrzebujesz pomocy zwi\u0105zanej z serwisem technicznym MIW Group wybierz, wype\u0142nij i wy\u015blij odpowiedni formularz.<\/p>\n\n\n\n<div class=\"wp-block-columns is-layout-flex wp-container-core-columns-is-layout-9d6595d7 wp-block-columns-is-layout-flex\">\n<div class=\"wp-block-column is-layout-flow wp-block-column-is-layout-flow\">\n<figure class=\"wp-block-image size-large is-style-rounded\"><a href=\"https:\/\/www.miw.group\/zgloszenie\/formularz-serwisowy-wagi-samochodowej\/\"><img loading=\"lazy\" decoding=\"async\" width=\"824\" height=\"824\" src=\"https:\/\/www.miw.group\/zgloszenie\/wp-content\/uploads\/2024\/09\/sam.png\" alt=\"\" class=\"wp-image-201\" srcset=\"https:\/\/www.miw.group\/zgloszenie\/wp-content\/uploads\/2024\/09\/sam.png 824w, https:\/\/www.miw.group\/zgloszenie\/wp-content\/uploads\/2024\/09\/sam-300x300.png 300w, https:\/\/www.miw.group\/zgloszenie\/wp-content\/uploads\/2024\/09\/sam-150x150.png 150w, https:\/\/www.miw.group\/zgloszenie\/wp-content\/uploads\/2024\/09\/sam-768x768.png 768w\" sizes=\"auto, (max-width: 824px) 100vw, 824px\" \/><\/a><\/figure>\n\n\n\n<div class=\"wp-block-buttons is-content-justification-center is-layout-flex wp-container-core-buttons-is-layout-16018d1d wp-block-buttons-is-layout-flex\">\n<div class=\"wp-block-button\"><a class=\"wp-block-button__link has-background wp-element-button\" href=\"https:\/\/www.miw.group\/zgloszenie\/formularz-serwisowy-wagi-samochodowej\/\" style=\"background-color:#11384a\">Waga samochodowa<\/a><\/div>\n<\/div>\n<\/div>\n\n\n\n<div class=\"wp-block-column is-layout-flow wp-block-column-is-layout-flow\">\n<figure class=\"wp-block-image size-large is-style-rounded\"><a href=\"https:\/\/www.miw.group\/zgloszenie\/formularz-serwisu-wagi-platformowej-hakowej-zestawu-wws\/\"><img loading=\"lazy\" decoding=\"async\" width=\"300\" height=\"300\" src=\"https:\/\/www.miw.group\/zgloszenie\/wp-content\/uploads\/2024\/09\/1631605175048a-300x300-1.jpg\" alt=\"\" class=\"wp-image-203\" srcset=\"https:\/\/www.miw.group\/zgloszenie\/wp-content\/uploads\/2024\/09\/1631605175048a-300x300-1.jpg 300w, https:\/\/www.miw.group\/zgloszenie\/wp-content\/uploads\/2024\/09\/1631605175048a-300x300-1-150x150.jpg 150w\" sizes=\"auto, (max-width: 300px) 100vw, 300px\" \/><\/a><\/figure>\n\n\n\n<div class=\"wp-block-buttons is-content-justification-center is-layout-flex wp-container-core-buttons-is-layout-16018d1d wp-block-buttons-is-layout-flex\">\n<div class=\"wp-block-button\"><a class=\"wp-block-button__link has-background wp-element-button\" href=\"https:\/\/www.miw.group\/zgloszenie\/formularz-serwisu-wagi-platformowej-hakowej-zestawu-wws\/\" style=\"background-color:#11384a\">Waga przemys\u0142owa<\/a><\/div>\n<\/div>\n<\/div>\n\n\n\n<div class=\"wp-block-column is-layout-flow wp-block-column-is-layout-flow\">\n<figure class=\"wp-block-image size-large is-style-rounded\"><a href=\"https:\/\/www.miw.group\/zgloszenie\/formularz-serwisu-elektroniki-wagowej\/\"><img loading=\"lazy\" decoding=\"async\" width=\"300\" height=\"300\" src=\"https:\/\/www.miw.group\/zgloszenie\/wp-content\/uploads\/2024\/09\/compression-load-cell-28sp-a-29-analogue-500x500-1a-300x300-1.jpg\" alt=\"\" class=\"wp-image-202\" srcset=\"https:\/\/www.miw.group\/zgloszenie\/wp-content\/uploads\/2024\/09\/compression-load-cell-28sp-a-29-analogue-500x500-1a-300x300-1.jpg 300w, https:\/\/www.miw.group\/zgloszenie\/wp-content\/uploads\/2024\/09\/compression-load-cell-28sp-a-29-analogue-500x500-1a-300x300-1-150x150.jpg 150w\" sizes=\"auto, (max-width: 300px) 100vw, 300px\" \/><\/a><\/figure>\n\n\n\n<div class=\"wp-block-buttons is-content-justification-center is-layout-flex wp-container-core-buttons-is-layout-16018d1d wp-block-buttons-is-layout-flex\">\n<div class=\"wp-block-button\"><a class=\"wp-block-button__link has-background wp-element-button\" href=\"https:\/\/www.miw.group\/zgloszenie\/formularz-serwisu-elektroniki-wagowej\/\" style=\"background-color:#11384a\">Elektronika wagowa<\/a><\/div>\n<\/div>\n<\/div>\n<\/div>\n\n\n\n<div class=\"wp-block-columns is-layout-flex wp-container-core-columns-is-layout-9d6595d7 wp-block-columns-is-layout-flex\">\n<div class=\"wp-block-column is-layout-flow wp-block-column-is-layout-flow\"><\/div>\n\n\n\n<div class=\"wp-block-column is-layout-flow wp-block-column-is-layout-flow\"><\/div>\n\n\n\n<div class=\"wp-block-column is-layout-flow wp-block-column-is-layout-flow\">\n<p><\/p>\n<\/div>\n<\/div>\n\n\n\n<div class=\"wp-block-columns is-layout-flex wp-container-core-columns-is-layout-9d6595d7 wp-block-columns-is-layout-flex\">\n<div class=\"wp-block-column is-layout-flow wp-block-column-is-layout-flow\">\n<figure class=\"wp-block-image size-large is-style-rounded\"><a href=\"https:\/\/www.miw.group\/zgloszenie\/formularz-zdalnej-pomocy-on-line\/\"><img loading=\"lazy\" decoding=\"async\" width=\"500\" height=\"500\" src=\"https:\/\/www.miw.group\/zgloszenie\/wp-content\/uploads\/2024\/09\/tv-2.png\" alt=\"\" class=\"wp-image-215\" srcset=\"https:\/\/www.miw.group\/zgloszenie\/wp-content\/uploads\/2024\/09\/tv-2.png 500w, https:\/\/www.miw.group\/zgloszenie\/wp-content\/uploads\/2024\/09\/tv-2-300x300.png 300w, https:\/\/www.miw.group\/zgloszenie\/wp-content\/uploads\/2024\/09\/tv-2-150x150.png 150w\" sizes=\"auto, (max-width: 500px) 100vw, 500px\" \/><\/a><\/figure>\n\n\n\n<div class=\"wp-block-buttons is-content-justification-center is-layout-flex wp-container-core-buttons-is-layout-16018d1d wp-block-buttons-is-layout-flex\">\n<div class=\"wp-block-button\"><a class=\"wp-block-button__link has-secondary-background-color has-background wp-element-button\" href=\"https:\/\/www.miw.group\/zgloszenie\/formularz-zdalnej-pomocy-on-line\/\"><strong>Zdalna pomoc On-line<\/strong><\/a><\/div>\n<\/div>\n\n\n\n<p><\/p>\n<\/div>\n\n\n\n<div class=\"wp-block-column is-layout-flow wp-block-column-is-layout-flow\">\n<figure class=\"wp-block-image size-large is-style-rounded\"><a href=\"https:\/\/www.miw.group\/zgloszenie\/formularz-serwisowy-oprogramowania-scaleo\/\"><img loading=\"lazy\" decoding=\"async\" width=\"572\" height=\"572\" src=\"https:\/\/www.miw.group\/zgloszenie\/wp-content\/uploads\/2024\/09\/scaleo.png\" alt=\"\" class=\"wp-image-205\" srcset=\"https:\/\/www.miw.group\/zgloszenie\/wp-content\/uploads\/2024\/09\/scaleo.png 572w, https:\/\/www.miw.group\/zgloszenie\/wp-content\/uploads\/2024\/09\/scaleo-300x300.png 300w, https:\/\/www.miw.group\/zgloszenie\/wp-content\/uploads\/2024\/09\/scaleo-150x150.png 150w\" sizes=\"auto, (max-width: 572px) 100vw, 572px\" \/><\/a><\/figure>\n\n\n\n<div class=\"wp-block-buttons is-content-justification-center is-layout-flex wp-container-core-buttons-is-layout-16018d1d wp-block-buttons-is-layout-flex\">\n<div class=\"wp-block-button\"><a class=\"wp-block-button__link has-secondary-background-color has-background wp-element-button\" href=\"https:\/\/www.miw.group\/zgloszenie\/formularz-serwisowy-oprogramowania-scaleo\/\"><strong>Oprogramowanie wagowe<\/strong><\/a><\/div>\n<\/div>\n<\/div>\n\n\n\n<div class=\"wp-block-column is-layout-flow wp-block-column-is-layout-flow\">\n<figure class=\"wp-block-image size-large is-style-rounded\"><a href=\"https:\/\/www.miw.group\/zgloszenie\/formularz-serwisowy-urzadzenia-objetego-indywidualna-umowa-serwisowa\/\"><img loading=\"lazy\" decoding=\"async\" width=\"537\" height=\"537\" src=\"https:\/\/www.miw.group\/zgloszenie\/wp-content\/uploads\/2024\/09\/umowa.png\" alt=\"\" class=\"wp-image-207\" srcset=\"https:\/\/www.miw.group\/zgloszenie\/wp-content\/uploads\/2024\/09\/umowa.png 537w, https:\/\/www.miw.group\/zgloszenie\/wp-content\/uploads\/2024\/09\/umowa-300x300.png 300w, https:\/\/www.miw.group\/zgloszenie\/wp-content\/uploads\/2024\/09\/umowa-150x150.png 150w\" sizes=\"auto, (max-width: 537px) 100vw, 537px\" \/><\/a><\/figure>\n\n\n\n<div class=\"wp-block-buttons is-content-justification-center is-layout-flex wp-container-core-buttons-is-layout-16018d1d wp-block-buttons-is-layout-flex\">\n<div class=\"wp-block-button\"><a class=\"wp-block-button__link has-secondary-background-color has-background wp-element-button\" href=\"https:\/\/www.miw.group\/zgloszenie\/formularz-serwisowy-urzadzenia-objetego-indywidualna-umowa-serwisowa\/\"><strong>Indywidualna umowa serwisowa<\/strong><\/a><\/div>\n<\/div>\n<\/div>\n<\/div>\n\n\n\n<div class=\"wp-block-columns is-layout-flex wp-container-core-columns-is-layout-9d6595d7 wp-block-columns-is-layout-flex\">\n<div class=\"wp-block-column is-layout-flow wp-block-column-is-layout-flow\"><\/div>\n\n\n\n<div class=\"wp-block-column is-layout-flow wp-block-column-is-layout-flow\"><\/div>\n\n\n\n<div class=\"wp-block-column is-layout-flow wp-block-column-is-layout-flow\"><\/div>\n<\/div>\n\n\n\n<div class=\"wp-block-columns is-layout-flex wp-container-core-columns-is-layout-9d6595d7 wp-block-columns-is-layout-flex\">\n<div class=\"wp-block-column is-layout-flow wp-block-column-is-layout-flow\">\n<figure class=\"wp-block-image size-large is-style-rounded\"><a href=\"https:\/\/www.miw.group\/zgloszenie\/formularz-serwisu-urzadzen-agro-lab\/\"><img loading=\"lazy\" decoding=\"async\" width=\"613\" height=\"613\" src=\"https:\/\/www.miw.group\/zgloszenie\/wp-content\/uploads\/2024\/09\/Standard-Upgraded-Edition3.jpg\" alt=\"\" class=\"wp-image-208\" srcset=\"https:\/\/www.miw.group\/zgloszenie\/wp-content\/uploads\/2024\/09\/Standard-Upgraded-Edition3.jpg 613w, https:\/\/www.miw.group\/zgloszenie\/wp-content\/uploads\/2024\/09\/Standard-Upgraded-Edition3-300x300.jpg 300w, https:\/\/www.miw.group\/zgloszenie\/wp-content\/uploads\/2024\/09\/Standard-Upgraded-Edition3-150x150.jpg 150w\" sizes=\"auto, (max-width: 613px) 100vw, 613px\" \/><\/a><\/figure>\n\n\n\n<div class=\"wp-block-buttons is-content-justification-center is-layout-flex wp-container-core-buttons-is-layout-16018d1d wp-block-buttons-is-layout-flex\">\n<div class=\"wp-block-button\"><a class=\"wp-block-button__link has-background wp-element-button\" href=\"https:\/\/www.miw.group\/zgloszenie\/formularz-serwisu-urzadzen-agro-lab\/\" style=\"background-color:#23691a\"><strong>Urz\u0105dzenia Agro-Lab<\/strong><\/a><\/div>\n<\/div>\n<\/div>\n\n\n\n<div class=\"wp-block-column is-layout-flow wp-block-column-is-layout-flow\">\n<figure class=\"wp-block-image size-large is-style-rounded\"><a href=\"https:\/\/www.miw.group\/zgloszenie\/formularz-serwisowy-probnika-ziarna-sondy\/\"><img loading=\"lazy\" decoding=\"async\" width=\"906\" height=\"906\" src=\"https:\/\/www.miw.group\/zgloszenie\/wp-content\/uploads\/2024\/09\/sonda.png\" alt=\"\" class=\"wp-image-209\" srcset=\"https:\/\/www.miw.group\/zgloszenie\/wp-content\/uploads\/2024\/09\/sonda.png 906w, https:\/\/www.miw.group\/zgloszenie\/wp-content\/uploads\/2024\/09\/sonda-300x300.png 300w, https:\/\/www.miw.group\/zgloszenie\/wp-content\/uploads\/2024\/09\/sonda-150x150.png 150w, https:\/\/www.miw.group\/zgloszenie\/wp-content\/uploads\/2024\/09\/sonda-768x768.png 768w\" sizes=\"auto, (max-width: 906px) 100vw, 906px\" \/><\/a><\/figure>\n\n\n\n<div class=\"wp-block-buttons is-content-justification-center is-layout-flex wp-container-core-buttons-is-layout-16018d1d wp-block-buttons-is-layout-flex\">\n<div class=\"wp-block-button\"><a class=\"wp-block-button__link has-background wp-element-button\" href=\"https:\/\/www.miw.group\/zgloszenie\/formularz-serwisowy-probnika-ziarna-sondy\/\" style=\"background-color:#23691a\"><strong>Pr\u00f3bnik ziarna (sonda)<\/strong><\/a><\/div>\n<\/div>\n\n\n\n<p><\/p>\n<\/div>\n\n\n\n<div class=\"wp-block-column is-layout-flow wp-block-column-is-layout-flow\"><\/div>\n<\/div>\n\n\n\n<div class=\"wp-block-columns is-layout-flex wp-container-core-columns-is-layout-9d6595d7 wp-block-columns-is-layout-flex\">\n<div class=\"wp-block-column is-layout-flow wp-block-column-is-layout-flow\"><\/div>\n\n\n\n<div class=\"wp-block-column is-vertically-aligned-top is-layout-flow wp-block-column-is-layout-flow\"><\/div>\n\n\n\n<div class=\"wp-block-column is-layout-flow wp-block-column-is-layout-flow\"><\/div>\n<\/div>\n\n\n\n<div class=\"wp-block-columns is-layout-flex wp-container-core-columns-is-layout-9d6595d7 wp-block-columns-is-layout-flex\">\n<div class=\"wp-block-column is-layout-flow wp-block-column-is-layout-flow\">\n<figure class=\"wp-block-image size-large is-style-rounded\"><a href=\"https:\/\/www.miw.group\/zgloszenie\/weighing-electronics-service-form\/\"><img loading=\"lazy\" decoding=\"async\" width=\"318\" height=\"318\" src=\"https:\/\/www.miw.group\/zgloszenie\/wp-content\/uploads\/2024\/09\/compression-load-cell-28sp-a-29-analogue-500x500-1a-300x300-eng.jpg\" alt=\"\" class=\"wp-image-210\" srcset=\"https:\/\/www.miw.group\/zgloszenie\/wp-content\/uploads\/2024\/09\/compression-load-cell-28sp-a-29-analogue-500x500-1a-300x300-eng.jpg 318w, https:\/\/www.miw.group\/zgloszenie\/wp-content\/uploads\/2024\/09\/compression-load-cell-28sp-a-29-analogue-500x500-1a-300x300-eng-300x300.jpg 300w, https:\/\/www.miw.group\/zgloszenie\/wp-content\/uploads\/2024\/09\/compression-load-cell-28sp-a-29-analogue-500x500-1a-300x300-eng-150x150.jpg 150w\" sizes=\"auto, (max-width: 318px) 100vw, 318px\" \/><\/a><\/figure>\n\n\n\n<div class=\"wp-block-buttons is-layout-flex wp-block-buttons-is-layout-flex\">\n<div class=\"wp-block-button\"><a class=\"wp-block-button__link has-background wp-element-button\" href=\"https:\/\/www.miw.group\/zgloszenie\/weighing-electronics-service-form\/\" style=\"background-color:#a30003\"><strong>Weighing Electronics Service Form (EN)<\/strong><\/a><\/div>\n<\/div>\n<\/div>\n\n\n\n<div class=\"wp-block-column is-layout-flow wp-block-column-is-layout-flow\"><\/div>\n\n\n\n<div class=\"wp-block-column is-layout-flow wp-block-column-is-layout-flow\"><\/div>\n<\/div>\n\n\n\n<div class=\"wp-block-columns is-layout-flex wp-container-core-columns-is-layout-9d6595d7 wp-block-columns-is-layout-flex\">\n<div class=\"wp-block-column is-layout-flow wp-block-column-is-layout-flow\"><\/div>\n\n\n\n<div class=\"wp-block-column is-layout-flow wp-block-column-is-layout-flow\"><\/div>\n\n\n\n<div class=\"wp-block-column is-layout-flow wp-block-column-is-layout-flow\"><\/div>\n<\/div>\n\n\n\n<p><span style=\"color: #000000;\"><a href=\"http:\/\/www.miw.group\/zgloszenie\/wp-content\/uploads\/2025\/11\/CENNIK-SERWIS_v11_2025-11-24.pdf\">Aktualny cennik serwisowy<\/a><\/span><\/p>\n\n\n\n<h3 class=\"wp-block-heading\"><a href=\"https:\/\/miw.group\/zdalna-pomoc\/\">Zdalna pomoc<\/a><\/h3>\n\n\n\n<p><\/p>\n","protected":false},"excerpt":{"rendered":"<p>Je\u015bli potrzebujesz pomocy zwi\u0105zanej z serwisem technicznym MIW Group wybierz, wype\u0142nij i wy\u015blij odpowiedni formularz. Aktualny cennik serwisowy Zdalna pomoc<\/p>\n","protected":false},"author":3,"featured_media":0,"parent":0,"menu_order":0,"comment_status":"closed","ping_status":"closed","template":"","meta":{"footnotes":""},"class_list":["post-10","page","type-page","status-publish","hentry","entry"],"_links":{"self":[{"href":"https:\/\/www.miw.group\/zgloszenie\/wp-json\/wp\/v2\/pages\/10","targetHints":{"allow":["GET"]}}],"collection":[{"href":"https:\/\/www.miw.group\/zgloszenie\/wp-json\/wp\/v2\/pages"}],"about":[{"href":"https:\/\/www.miw.group\/zgloszenie\/wp-json\/wp\/v2\/types\/page"}],"author":[{"embeddable":true,"href":"https:\/\/www.miw.group\/zgloszenie\/wp-json\/wp\/v2\/users\/3"}],"replies":[{"embeddable":true,"href":"https:\/\/www.miw.group\/zgloszenie\/wp-json\/wp\/v2\/comments?post=10"}],"version-history":[{"count":57,"href":"https:\/\/www.miw.group\/zgloszenie\/wp-json\/wp\/v2\/pages\/10\/revisions"}],"predecessor-version":[{"id":271,"href":"https:\/\/www.miw.group\/zgloszenie\/wp-json\/wp\/v2\/pages\/10\/revisions\/271"}],"wp:attachment":[{"href":"https:\/\/www.miw.group\/zgloszenie\/wp-json\/wp\/v2\/media?parent=10"}],"curies":[{"name":"wp","href":"https:\/\/api.w.org\/{rel}","templated":true}]}}